{"id":125,"date":"2021-02-10T13:55:18","date_gmt":"2021-02-10T13:55:18","guid":{"rendered":"https:\/\/cs-tvardita.md\/?page_id=125"},"modified":"2025-06-17T15:56:35","modified_gmt":"2025-06-17T12:56:35","slug":"cnam-%d0%ba%d0%be%d0%bd%d1%82%d1%80%d0%b0%d0%ba%d1%82","status":"publish","type":"page","link":"https:\/\/cs-tvardita.md\/?page_id=125","title":{"rendered":"Compania Na\u0163ional\u0103 de Asigur\u0103ri \u00een Medicin\u0103"},"content":{"rendered":"<p>&nbsp;<\/p>\n<h2><\/h2>\n<p><a href=\"http:\/\/www.cnam.md\/\"><img loading=\"lazy\" class=\"aligncenter wp-image-951 \" src=\"https:\/\/cs-tvardita.md\/wp-content\/uploads\/2022\/01\/images.png\" alt=\"\" width=\"498\" height=\"266\" srcset=\"https:\/\/cs-tvardita.md\/wp-content\/uploads\/2022\/01\/images.png 307w, https:\/\/cs-tvardita.md\/wp-content\/uploads\/2022\/01\/images-300x160.png 300w\" sizes=\"(max-width: 498px) 100vw, 498px\" \/><\/a><\/p>\n<h2><span style=\"color: #800000;\"><strong>2025\u0433.<\/strong><\/span><\/h2>\n<p><a href=\"https:\/\/cs-tvardita.md\/wp-content\/uploads\/2025\/01\/CS-Tvardita_2025.pdf\">Contract de acordare a asisten\u021bei medicale nr. 05-08_340 din 31 decembrie 2024&#8212; CS-Tvardita_2025<\/a><\/p>\n<p>&nbsp;<\/p>\n<hr \/>\n<h2><span style=\"color: #800000;\"><strong>2024\u0433.<\/strong><\/span><\/h2>\n<p><a href=\"https:\/\/cs-tvardita.md\/wp-content\/uploads\/2024\/02\/Contract-de-acordare-a-asistentei-medicale-nr.-05-08_340-din-29-decembrie-2023.pdf\">Contract de acordare a asisten\u021bei medicale nr. 05-08_340 din 29 decembrie 2023<\/a><\/p>\n<p><a href=\"https:\/\/cs-tvardita.md\/wp-content\/uploads\/2024\/12\/Structura-veniturilor-si-cheltuielilor-BUSINESS-PLAN-pe-anul-2024..pdf\">Structura veniturilor \u0219i cheltuielilor BUSINESS PLAN pe anul 2024.<\/a><\/p>\n<p><a href=\"https:\/\/cs-tvardita.md\/wp-content\/uploads\/2024\/12\/Structura-veniturilor-si-cheltuielilor-BUSINESS-PLAN-pe-anul-2024.pdf\">Structura veniturilor \u0219i cheltuielilor BUSINESS PLAN pe anul 2024<\/a><\/p>\n<p><a href=\"https:\/\/cs-tvardita.md\/wp-content\/uploads\/2024\/12\/Asistrnta-Medicala-Primara-01.01.2024.pdf\">Asistrnta Medicala Primara 01.01.2024<\/a><\/p>\n<p><a href=\"https:\/\/cs-tvardita.md\/wp-content\/uploads\/2024\/12\/Ingrijire-medicala-la-Domnicilui-01.01.2024.pdf\">Ingrijire medicala la Domnicilui 01.01.2024<\/a><\/p>\n<p><a href=\"https:\/\/cs-tvardita.md\/wp-content\/uploads\/2024\/12\/Ingrijire-medicala-la-Domnicilui-01.07.2024.pdf\">Ingrijire medicala la Domnicilui 01.07.2024<\/a><\/p>\n<p><a href=\"https:\/\/cs-tvardita.md\/wp-content\/uploads\/2024\/12\/Asistrnta-Medicala-Primara-01.07.2024.pdf\">Asistrnta Medicala Primara 01.07.2024<\/a><\/p>\n<p><a href=\"https:\/\/cs-tvardita.md\/wp-content\/uploads\/2024\/06\/CS-Tvardita-Acord-Aditional-nr.-1_2024.pdf\">CS-Tvardita-Acord-Aditional-nr.-1_2024<\/a><\/p>\n<p><a href=\"https:\/\/cs-tvardita.md\/wp-content\/uploads\/2024\/06\/CS-Tvardita-Acord-Aditional-nr.-2_2024.pdf\">CS-Tvardita-Acord-Aditional-nr.-2_2024<\/a><\/p>\n<p><a href=\"https:\/\/cs-tvardita.md\/wp-content\/uploads\/2024\/11\/CS-Tvardita-Acord-Aditional-nr.-3.pdf\">CS-Tvardita-Acord-Aditional-nr.-3_2024<\/a><\/p>\n<p><a href=\"https:\/\/cs-tvardita.md\/wp-content\/uploads\/2024\/11\/CS-Tvardita-Acord-Aditional-nr.-4.pdf\">CS-Tvardita-Acord-Aditional-nr.-4_2024<\/a><\/p>\n<p><a href=\"https:\/\/cs-tvardita.md\/wp-content\/uploads\/2025\/06\/CS-Tvardita-Acord-Aditional-nr.-5_2024-1.pdf\">CS-Tvardita-Acord-Aditional-nr.-5_2024<\/a><\/p>\n<hr \/>\n<h2><span style=\"color: #800000;\"><strong>2023\u0433.<\/strong><\/span><\/h2>\n<p><a href=\"https:\/\/cs-tvardita.md\/wp-content\/uploads\/2023\/03\/Contract-de-acordare-a-asistentei-medicale-nr.-05-08_340-din-31-decembrie-2022.pdf\">Contract de acordare a asisten\u021bei medicale nr. 05-08_340 din 31 decembrie 2022<\/a><\/p>\n<p><span style=\"color: #0000ff;\"><a style=\"color: #0000ff;\" href=\"https:\/\/cs-tvardita.md\/wp-content\/uploads\/2023\/04\/Ingrigire-medicala-la-domniciliu-din-30.122022.pdf\">BUSUNES PLAN 2023 Ingrigire medicala la domniciliu din 30.12.2022<\/a><\/span><\/p>\n<p><span style=\"color: #0000ff;\"><a style=\"color: #0000ff;\" href=\"https:\/\/cs-tvardita.md\/wp-content\/uploads\/2023\/04\/Asistenta-Medicala-Primara-din-30.12.2022.pdf\">BUSUNES PLAN 2023Asistenta Medicala Primara din 30.12.2022<\/a><\/span><\/p>\n<p><a href=\"https:\/\/cs-tvardita.md\/wp-content\/uploads\/2024\/12\/\u0418\u0442\u043e\u04332.pdf\">Asistenta Medical\u0103 Primar\u0103 din 01.10.2023<\/a><\/p>\n<p><a href=\"https:\/\/cs-tvardita.md\/wp-content\/uploads\/2024\/02\/Asistenta-Medicala-Primara-din-01.07.2023.pdf\">Asistenta Medicala Primara din 01.07.2023<\/a><\/p>\n<p><a href=\"https:\/\/cs-tvardita.md\/wp-content\/uploads\/2024\/02\/Acord-Aditional-nr.-1-din-20-martie-2023.pdf\">Acord Adi\u021bional nr. 1 din 20 martie 2023<\/a><\/p>\n<p><a href=\"https:\/\/cs-tvardita.md\/wp-content\/uploads\/2024\/02\/Acord-Aditional-nr.-2-din-25-iulie-2023.pdf\">Acord Adi\u021bional nr. 2 din 25 iulie 2023<\/a><\/p>\n<p><a href=\"https:\/\/cs-tvardita.md\/wp-content\/uploads\/2024\/02\/Acord-Aditional-nr.-3-din-27-octombrie-2022.pdf\">Acord Adi\u021bional nr. 3 din 27 octombrie 2023<\/a><\/p>\n<p><a href=\"https:\/\/cs-tvardita.md\/wp-content\/uploads\/2024\/02\/Acord-Aditional-nr.-4-din-30-decembrie-2022.pdf\">Acord Adi\u021bional nr. 4 din 30 decembrie 2023<\/a><\/p>\n<hr \/>\n<h2><span style=\"color: #800000;\"><strong>2022\u0433.<\/strong><\/span><\/h2>\n<p><span style=\"color: #0000ff;\"><a style=\"color: #0000ff;\" href=\"https:\/\/cs-tvardita.md\/wp-content\/uploads\/2022\/01\/Contract-de-acordare-a-asistentei-medicale-nr.-05-08-340-din-31-decembrie-2021.pdf\">Contract de acordare a asisten\u021bei medicale nr. 05-08\/340 din 31 decembrie 2021<\/a><\/span><\/p>\n<p><span style=\"color: #0000ff;\"><a style=\"color: #0000ff;\" href=\"https:\/\/cs-tvardita.md\/wp-content\/uploads\/2022\/12\/Structura-veniturilor-si-cheltuielilor-BUSINESS-PLAN-pe-anul-2022-1.pdf\">Structura veniturilor \u0219i cheltuielilor BUSINESS PLAN pe anul 2022<\/a><\/span><\/p>\n<p><span style=\"color: #0000ff;\"><a style=\"color: #0000ff;\" href=\"https:\/\/cs-tvardita.md\/wp-content\/uploads\/2022\/10\/Asistenta-Medicala-Primara-01.07.2022.pdf\">Asisten\u021ba Medical\u0103 Primar\u0103 01.07.2022<\/a><\/span><\/p>\n<p><span style=\"color: #0000ff;\"><a style=\"color: #0000ff;\" href=\"https:\/\/cs-tvardita.md\/wp-content\/uploads\/2022\/10\/Ingrijire-medicala-la-Domnicilui-01.07.2022.pdf\">Ingrijire medical\u0103 la Domnicilui 01.07.2022<\/a><\/span><\/p>\n<p><a href=\"https:\/\/cs-tvardita.md\/wp-content\/uploads\/2024\/12\/Ingrijire-medicala-la-Domnicilui-01.10.2022.pdf\">Ingrijire medicala la Domnicilui 01.10.2022<\/a><\/p>\n<p><a href=\"https:\/\/cs-tvardita.md\/wp-content\/uploads\/2024\/12\/Asistrnta-Medicala-Primara-01.10.2022.pdf\">Asistrnta Medicala Primara 01.10.2022<\/a><\/p>\n<p><a href=\"https:\/\/cs-tvardita.md\/wp-content\/uploads\/2024\/12\/Asistrnta-Medicala-Primara-01.01.2023.pdf\">Asistrnta Medicala Primara 01.01.2023<\/a><\/p>\n<p><a href=\"https:\/\/cs-tvardita.md\/wp-content\/uploads\/2024\/12\/Ingrijire-medicala-la-Domnicilui-01.01.2023.pdf\">Ingrijire medicala la Domnicilui 01.01.2023<\/a><\/p>\n<p><span style=\"color: #0000ff;\"><a style=\"color: #0000ff;\" href=\"https:\/\/cs-tvardita.md\/wp-content\/uploads\/2022\/12\/File.pdf\">Acord Adi\u021bional nr. 1 din 21 octombrie 2022<\/a><\/span><\/p>\n<p><span style=\"color: #0000ff;\"><a style=\"color: #0000ff;\" href=\"https:\/\/cs-tvardita.md\/wp-content\/uploads\/2022\/12\/Acord-Aditional-2.pdf\">Acord Adi\u021bional nr.2 din 09 noembrie 2022<\/a><\/span> <span style=\"color: #0000ff;\">\u00a0<\/span><\/p>\n<p><span style=\"color: #0000ff;\"><a style=\"color: #0000ff;\" href=\"https:\/\/cs-tvardita.md\/wp-content\/uploads\/2023\/03\/Acord-Aditional-nr.-3-din-19-decembrie-2022.pdf\">Acord Adi\u021bional nr. 3 din 19 decembrie 2022<\/a><\/span><\/p>\n<p><span style=\"color: #0000ff;\"><a style=\"color: #0000ff;\" href=\"https:\/\/cs-tvardita.md\/wp-content\/uploads\/2023\/03\/Acord-Aditional-nr.-4-din-31-decembrie-2022.pdf\">Acord Adi\u021bional nr. 4 din 31 decembrie 2022<\/a><\/span><\/p>\n<hr \/>\n<h2><span style=\"color: #800000;\"><strong>2021\u0433.<\/strong><\/span><\/h2>\n<p><span style=\"color: #0000ff;\"><a style=\"color: #0000ff;\" href=\"https:\/\/cs-tvardita.md\/wp-content\/uploads\/2021\/02\/Contract-de-acordare-a-asistentei-medicale-nr.-05-08-340-din-31-decembrie-2020.pdf\">Contract de acordare a asisten\u021bei medicale nr. 05-08\/340 din 31 decembrie 2020<\/a><\/span><\/p>\n<p><span style=\"color: #0000ff;\"><a style=\"color: #0000ff;\" href=\"https:\/\/cs-tvardita.md\/wp-content\/uploads\/2022\/01\/BUSINESS-PLAN-pe-anul-2021.pdf\">Structura veniturilor \u0219i cheltuielilor BUSINESS PLAN pe anul 2021<\/a><\/span><\/p>\n<p><span style=\"color: #0000ff;\"><a style=\"color: #0000ff;\" href=\"https:\/\/cs-tvardita.md\/wp-content\/uploads\/2022\/01\/ACORD-ADITIONAL-\u21161.pdf\">Acord Adi\u021bional nr. 1 din 01 noiembrie 2021<\/a><\/span><\/p>\n<p><span style=\"color: #0000ff;\"><a style=\"color: #0000ff;\" href=\"https:\/\/cs-tvardita.md\/wp-content\/uploads\/2022\/02\/Acord-Aditional-nr.-2-din-31-december-2021-1.pdf\">Acord Adi\u021bional nr. 2 din 31 december 2021<\/a><\/span><\/p>\n<p>&nbsp;<\/p>\n<hr \/>\n<h2><span style=\"color: #800000;\">2020\u0433.<\/span><\/h2>\n<p><span style=\"color: #0000ff;\"><a style=\"color: #0000ff;\" href=\"https:\/\/cs-tvardita.md\/wp-content\/uploads\/2021\/02\/Contract-de-acordare-a-asistentei-medicale-nr.-05-08-340-din-31-decembrie-2019.pdf\">Contract de acordare a asisten\u021bei medicale nr. 05-08-340 din 31 decembrie 2019<\/a><\/span><\/p>\n<p><span style=\"color: #0000ff;\"><a style=\"color: #0000ff;\" href=\"https:\/\/cs-tvardita.md\/wp-content\/uploads\/2022\/01\/3.-BUSINESS-PLAN-pe-anul-2020.pdf\">Strucrura veniturilor \u0219i cheltuieli\u00a0 BUSINESS-PLAN\u00a0 pe anul 2020<\/a><\/span><\/p>\n<p><span style=\"color: #0000ff;\"><a style=\"color: #0000ff;\" href=\"https:\/\/cs-tvardita.md\/wp-content\/uploads\/2021\/02\/Acord-Aditional-nr.1-din-26-mai-2020.pdf\">Acord Adi\u021bional nr.1 din 26 mai 2020<\/a><\/span><\/p>\n<p><span style=\"color: #0000ff;\"><a style=\"color: #0000ff;\" href=\"https:\/\/cs-tvardita.md\/wp-content\/uploads\/2021\/02\/Acord-Aditional-nr.2-din-24-august-2020.pdf\">Acord Adi\u021bional nr.2 din 24 august 2020<\/a><\/span><\/p>\n<p><span style=\"color: #0000ff;\"><a style=\"color: #0000ff;\" href=\"https:\/\/cs-tvardita.md\/wp-content\/uploads\/2021\/02\/Acord-Aditional-nr.3-din-31-decembrie-2020.pdf\">Acord Adi\u021bional nr.3 din 31 decembrie 2020<\/a><\/span><\/p>\n<p><span style=\"color: #0000ff;\"><a style=\"color: #0000ff;\" href=\"https:\/\/cs-tvardita.md\/wp-content\/uploads\/2021\/04\/Asistrnta-Medicala-Primara-01.01.2021.pdf\">Asistrnta Medicala Primara 01.01.2021<\/a> <\/span><\/p>\n<p><span style=\"color: #0000ff;\"><a style=\"color: #0000ff;\" href=\"https:\/\/cs-tvardita.md\/wp-content\/uploads\/2021\/04\/Ingrijire-medicala-la-Domnicilui-01.01.2021.pdf\">Ingrijire medicala la Domnicilui 01.01.2021<\/a><\/span><\/p>\n<p><span style=\"color: #0000ff;\"><a style=\"color: #0000ff;\" href=\"https:\/\/cs-tvardita.md\/wp-content\/uploads\/2021\/04\/Ingrijire-medicala-la-Domnicilui-01.07.2020.pdf\">Ingrijire medicala la Domnicilui 01.07.2020<\/a><\/span><\/p>\n<p><span style=\"color: #0000ff;\"><a style=\"color: #0000ff;\" href=\"https:\/\/cs-tvardita.md\/wp-content\/uploads\/2021\/04\/Asistrnta-Medicala-Primara-01.07.2020.pdf\">Asistrnta Medicala Primara 01.07.2020<\/a><\/span><\/p>\n<p>&nbsp;<\/p>\n","protected":false},"excerpt":{"rendered":"<p>&nbsp; 2025\u0433. Contract de acordare a asisten\u021bei medicale nr. 05-08_340 din 31 decembrie 2024&#8212; CS-Tvardita_2025 &nbsp; 2024\u0433. Contract de acordare a asisten\u021bei medicale nr. 05-08_340 din 29 decembrie 2023 Structura veniturilor \u0219i cheltuielilor BUSINESS PLAN pe anul 2024. Structura veniturilor \u0219i cheltuielilor BUSINESS PLAN pe &#8230;<\/p>\n","protected":false},"author":2,"featured_media":0,"parent":0,"menu_order":0,"comment_status":"closed","ping_status":"closed","template":"","meta":[],"_links":{"self":[{"href":"https:\/\/cs-tvardita.md\/index.php?rest_route=\/wp\/v2\/pages\/125"}],"collection":[{"href":"https:\/\/cs-tvardita.md\/index.php?rest_route=\/wp\/v2\/pages"}],"about":[{"href":"https:\/\/cs-tvardita.md\/index.php?rest_route=\/wp\/v2\/types\/page"}],"author":[{"embeddable":true,"href":"https:\/\/cs-tvardita.md\/index.php?rest_route=\/wp\/v2\/users\/2"}],"replies":[{"embeddable":true,"href":"https:\/\/cs-tvardita.md\/index.php?rest_route=%2Fwp%2Fv2%2Fcomments&post=125"}],"version-history":[{"count":77,"href":"https:\/\/cs-tvardita.md\/index.php?rest_route=\/wp\/v2\/pages\/125\/revisions"}],"predecessor-version":[{"id":1867,"href":"https:\/\/cs-tvardita.md\/index.php?rest_route=\/wp\/v2\/pages\/125\/revisions\/1867"}],"wp:attachment":[{"href":"https:\/\/cs-tvardita.md\/index.php?rest_route=%2Fwp%2Fv2%2Fmedia&parent=125"}],"curies":[{"name":"wp","href":"https:\/\/api.w.org\/{rel}","templated":true}]}}