{"id":1122,"date":"2022-09-16T10:33:04","date_gmt":"2022-09-16T07:33:04","guid":{"rendered":"https:\/\/cs-tvardita.md\/?page_id=1122"},"modified":"2024-12-30T01:52:37","modified_gmt":"2024-12-29T23:52:37","slug":"%d0%ba%d0%be%d0%bc%d0%bf%d0%b5%d0%bd%d1%81%d0%b8%d1%80%d1%83%d0%b5%d0%bc%d1%8b%d0%b5-%d0%bc%d0%b5%d0%b4%d0%b8%d0%ba%d0%b0%d0%bc%d0%b5%d0%bd%d1%82%d1%8b","status":"publish","type":"page","link":"https:\/\/cs-tvardita.md\/?page_id=1122","title":{"rendered":"MEDICAMENTE COMPENSATE"},"content":{"rendered":"<p><a href=\"http:\/\/www.cnam.md\/\"><br \/>\n<img loading=\"lazy\" class=\"aligncenter wp-image-1132 size-full\" src=\"https:\/\/cs-tvardita.md\/wp-content\/uploads\/2022\/09\/21000644_big1611915398.jpg\" alt=\"\" width=\"700\" height=\"466\" srcset=\"https:\/\/cs-tvardita.md\/wp-content\/uploads\/2022\/09\/21000644_big1611915398.jpg 700w, https:\/\/cs-tvardita.md\/wp-content\/uploads\/2022\/09\/21000644_big1611915398-300x200.jpg 300w, https:\/\/cs-tvardita.md\/wp-content\/uploads\/2022\/09\/21000644_big1611915398-375x250.jpg 375w\" sizes=\"(max-width: 700px) 100vw, 700px\" \/><\/a><\/p>\n<h3><\/h3>\n<h3><span style=\"color: #000080;\"><strong>2024<\/strong><\/span><\/h3>\n<p><a href=\"https:\/\/cs-tvardita.md\/wp-content\/uploads\/2024\/12\/Medicamente-compensate_beneficiari_Ru.xlsx\">Medicamente-compensate_beneficiari_Ru<\/a><\/p>\n<p><a href=\"https:\/\/cs-tvardita.md\/wp-content\/uploads\/2024\/12\/20-A-96-din-24_01_19-lista-med_compensate.pdf\">20-A &#8212; 96 din 24_01_19 lista med_compensate<\/a><\/p>\n<p>_____________________________________________________________________________<\/p>\n<h3><span style=\"color: #000080;\"><strong>2023<\/strong><\/span><\/h3>\n<p><span style=\"color: #0000ff;\"><a style=\"color: #0000ff;\" href=\"https:\/\/cs-tvardita.md\/wp-content\/uploads\/2022\/09\/HG-1387_2007_PU_modificat-nr_-245_13_04_2022_in-vigoare-de-la-15_04_2022.pdf\">https:\/\/www.legis.md\/cautare\/getResults?doc_id=136695&amp;lang=ru#<\/a><\/span><\/p>\n<p><span style=\"color: #0000ff;\"><a style=\"color: #0000ff;\" href=\"https:\/\/cs-tvardita.md\/wp-content\/uploads\/2022\/09\/HG-1387_2007_PU_modificat-nr_-245_13_04_2022_in-vigoare-de-la-15_04_2022.pdf\">HG 1387_2007_PU_modificat nr_ 245_13_04_2022_in vigoare de la 15_04_2022\u00a0<\/a><\/span><\/p>\n<pre>_____________________________________________________________________________<\/pre>\n<h3><span style=\"color: #000080;\"><strong>2022<\/strong><\/span><\/h3>\n<p><span style=\"color: #0000ff;\"><a style=\"color: #0000ff;\" href=\"https:\/\/cs-tvardita.md\/wp-content\/uploads\/2022\/09\/HG-1387_2007_PU_modificat-nr_-245_13_04_2022_in-vigoare-de-la-15_04_2022.pdf\">HG 1387_2007_PU_modificat nr_ 245_13_04_2022_in vigoare de la 15_04_2022<\/a><\/span><\/p>\n<p><a style=\"color: #0000ff;\" href=\"https:\/\/www.legis.md\/cautare\/getResults?doc_id=130157&amp;lang=ro\">https:\/\/www.legis.md\/cautare\/getResults?doc_id=130157&amp;lang=ro<\/a><\/p>\n<pre>_____________________________________________________________________________<\/pre>\n<h3><span style=\"color: #000080;\"><strong>2021<\/strong><\/span><\/h3>\n<p><a href=\"https:\/\/cs-tvardita.md\/wp-content\/uploads\/2022\/05\/Ghidul-beneficiarului_RUS.pdf\">Ghidul beneficiarului_RUS<\/a><\/p>\n<p><a href=\"https:\/\/cs-tvardita.md\/wp-content\/uploads\/2022\/09\/Pliant_mc_2021-1.pdf\">Pliant_mc_2021 <\/a><\/p>\n<p><span style=\"color: #0000ff;\"><a style=\"color: #0000ff;\" href=\"https:\/\/www.legis.md\/cautare\/getResults?doc_id=129189&amp;lang=ro\">Legea fondurilor asigur\u0103rii obligatorii de asisten\u0163\u0103 medical\u0103 pe anul 2022 nr.207 din 06.12.2021;<\/a><\/span><\/p>\n<pre>_____________________________________________________________________________<\/pre>\n<h3><span style=\"color: #000080;\"><strong>2020<\/strong><\/span><\/h3>\n<p><span style=\"color: #0000ff;\"><a style=\"color: #0000ff;\" href=\"https:\/\/www.legis.md\/cautare\/getResults?doc_id=130165&amp;lang=ru\">https:\/\/www.legis.md\/cautare\/getResults?doc_id=130165&amp;lang=ru<\/a><\/span><\/p>\n<p><span style=\"color: #0000ff;\"><a style=\"color: #0000ff;\" href=\"https:\/\/www.legis.md\/cautare\/getResults?doc_id=128255&amp;lang=ro#\">Legea fondurilor asigur\u0103rii obligatorii de asisten\u0163\u0103 medical\u0103 pe anul 2021 nr.256 din 16.12.2020;<\/a><\/span><\/p>\n<pre>_____________________________________________________________________________<\/pre>\n<h3><span style=\"color: #000080;\"><strong>2019<\/strong><\/span><\/h3>\n<p><span style=\"color: #0000ff;\"><a style=\"color: #0000ff;\" href=\"https:\/\/www.legis.md\/cautare\/getResults?doc_id=123195&amp;lang=ro#\">Legea fondurilor asigur\u0103rii obligatorii de asisten\u0163\u0103 medical\u0103 pe anul 2020<\/a><a style=\"color: #0000ff;\" href=\"https:\/\/www.legis.md\/cautare\/getResults?doc_id=121612&amp;lang=ro\">\u00a0nr. 174 din 19.12.2019;<\/a><\/span><\/p>\n<p><span style=\"color: #0000ff;\"><a style=\"color: #0000ff;\" href=\"https:\/\/cs-tvardita.md\/wp-content\/uploads\/2022\/09\/HG1246_2018-pentru-aprobarea-Regulamentului-in-sistemul-asigurarii-obligatorii-de-asistenta-medicala.pdf\">HG1246_2018 pentru aprobarea Regulamentului \u00een sistemul asigur\u0103rii obligatorii de asisten\u0163\u0103 medical\u0103<\/a><\/span><\/p>\n<pre>_____________________________________________________________________________<\/pre>\n","protected":false},"excerpt":{"rendered":"<p>2024 Medicamente-compensate_beneficiari_Ru 20-A &#8212; 96 din 24_01_19 lista med_compensate _____________________________________________________________________________ 2023 https:\/\/www.legis.md\/cautare\/getResults?doc_id=136695&amp;lang=ru# HG 1387_2007_PU_modificat nr_ 245_13_04_2022_in vigoare de la 15_04_2022\u00a0 _____________________________________________________________________________ 2022 HG 1387_2007_PU_modificat nr_ 245_13_04_2022_in vigoare de la 15_04_2022 https:\/\/www.legis.md\/cautare\/getResults?doc_id=130157&amp;lang=ro _____________________________________________________________________________ 2021 Ghidul beneficiarului_RUS Pliant_mc_2021 Legea fondurilor asigur\u0103rii obligatorii de asisten\u0163\u0103 medical\u0103 pe anul &#8230;<\/p>\n","protected":false},"author":2,"featured_media":0,"parent":0,"menu_order":0,"comment_status":"closed","ping_status":"closed","template":"","meta":[],"_links":{"self":[{"href":"https:\/\/cs-tvardita.md\/index.php?rest_route=\/wp\/v2\/pages\/1122"}],"collection":[{"href":"https:\/\/cs-tvardita.md\/index.php?rest_route=\/wp\/v2\/pages"}],"about":[{"href":"https:\/\/cs-tvardita.md\/index.php?rest_route=\/wp\/v2\/types\/page"}],"author":[{"embeddable":true,"href":"https:\/\/cs-tvardita.md\/index.php?rest_route=\/wp\/v2\/users\/2"}],"replies":[{"embeddable":true,"href":"https:\/\/cs-tvardita.md\/index.php?rest_route=%2Fwp%2Fv2%2Fcomments&post=1122"}],"version-history":[{"count":26,"href":"https:\/\/cs-tvardita.md\/index.php?rest_route=\/wp\/v2\/pages\/1122\/revisions"}],"predecessor-version":[{"id":1757,"href":"https:\/\/cs-tvardita.md\/index.php?rest_route=\/wp\/v2\/pages\/1122\/revisions\/1757"}],"wp:attachment":[{"href":"https:\/\/cs-tvardita.md\/index.php?rest_route=%2Fwp%2Fv2%2Fmedia&parent=1122"}],"curies":[{"name":"wp","href":"https:\/\/api.w.org\/{rel}","templated":true}]}}