{"id":1090,"date":"2022-06-29T13:27:54","date_gmt":"2022-06-29T10:27:54","guid":{"rendered":"https:\/\/cs-tvardita.md\/?page_id=1090"},"modified":"2025-03-31T10:19:44","modified_gmt":"2025-03-31T07:19:44","slug":"%d0%ba%d0%b0%d1%82%d0%b0%d0%bb%d0%be%d0%b3-%d0%b5%d0%b4%d0%b8%d0%bd%d1%8b%d1%85-%d1%82%d0%b0%d1%80%d0%b8%d1%84%d0%be%d0%b2","status":"publish","type":"page","link":"https:\/\/cs-tvardita.md\/?page_id=1090","title":{"rendered":"\u041a\u0430\u0442\u0430\u043b\u043e\u0433 \u0435\u0434\u0438\u043d\u044b\u0445 \u0442\u0430\u0440\u0438\u0444\u043e\u0432 \u043d\u0430 \u043c\u0435\u0434\u0438\u043a\u043e-\u0441\u0430\u043d\u0438\u0442\u0430\u0440\u043d\u044b\u0435 \u0443\u0441\u043b\u0443\u0433\u0438"},"content":{"rendered":"<pre><\/pre>\n<hr \/>\n<pre><a href=\"https:\/\/cs-tvardita.md\/wp-content\/uploads\/2025\/03\/Ordin1089-288-A-Norme-metodologice-de-aplicare.pdf\">Ordin 1089-288-A- din 23.12.2024 \r\nNorme-metodologice-de-aplicare a programului unic<\/a>\r\n\r\n<\/pre>\n<hr \/>\n<pre>\r\nGUVERNUL HOT\u0102R\u00c2RE Nr. 874 din 23-12-2024 cu privire la \r\nProgramul unic al asigur\u0103rii obligatorii\u00a0de asisten\u021b\u0103 medical\u0103\r\n<a href=\"https:\/\/www.legis.md\/cautare\/getResults?doc_id=146494&amp;lang=ro\">https:\/\/www.legis.md\/cautare\/getResults?doc_id=146494&amp;lang=ro<\/a><\/pre>\n<hr \/>\n<pre><span style=\"color: #3366ff;\"><a style=\"color: #3366ff;\" href=\"https:\/\/www.legis.md\/cautare\/getResults?doc_id=145152&amp;lang=ru#\">\u041f\u041f1020 \u043e\u0442 29-12-2011 \"\u041e \u0442\u0430\u0440\u0438\u0444\u0430\u0445 \u043d\u0430 \u043c\u0435\u0434\u0438\u043a\u043e-\u0441\u0430\u043d\u0438\u0442\u0430\u0440\u043d\u044b\u0435 \u0443\u0441\u043b\u0443\u0433\u0438\"<\/a><\/span><\/pre>\n<hr \/>\n<pre><a href=\"https:\/\/www.legis.md\/cautare\/getResults?doc_id=145152&amp;lang=ru#\">\u041f\u041f634 \u043e\u0442 11.09.24, MO404-40724.09.24 \u0441\u0442.469; \u0432 \u0441\u0438\u043b\u0443 \u0441 24.09.24<\/a><\/pre>\n<hr \/>\n<pre><span style=\"color: #3366ff;\"><a style=\"color: #3366ff;\" href=\"https:\/\/www.legis.md\/cautare\/getResults?doc_id=133801&amp;lang=ru\">\u041f\u041f672 \u043e\u0442 29.10.22, MO334-341\/28.10.22 \u0441\u0442.798; \u0432 \u0441\u0438\u043b\u0443 \u0441 28.10.22<\/a><\/span><\/pre>\n<hr \/>\n<pre><a href=\"https:\/\/www.legis.md\/cautare\/getResults?doc_id=133978&amp;lang=ru#\">\u041f\u041f672 \u043e\u0442 29.10.22, MO334-34128.10.22 \u0441\u0442.798; \u0432 \u0441\u0438\u043b\u0443 \u0441 28.10.22<\/a><\/pre>\n<hr \/>\n<pre><a href=\"https:\/\/cs-tvardita.md\/wp-content\/uploads\/2024\/11\/\u041f\u041f256-\u043e\u0442-13.10.21-MO249-25315.10.21-\u0441\u0442.504-\u0432-\u0441\u0438\u043b\u0443-\u0441-15.10.21.pdf\">\u041f\u041f256 \u043e\u0442 13.10.21, MO249-25315.10.21 \u0441\u0442.504; \u0432 \u0441\u0438\u043b\u0443 \u0441 15.10.21<\/a><\/pre>\n<hr \/>\n<pre><a href=\"https:\/\/cs-tvardita.md\/wp-content\/uploads\/2024\/11\/\u041f\u041f421-\u043e\u0442-24.06.20-MO153-15826.06.20-\u0441\u0442.518-\u0432-\u0441\u0438\u043b\u0443-\u0441-26.06.20.pdf\">\u041f\u041f421 \u043e\u0442 24.06.20, MO153-15826.06.20 \u0441\u0442.518; \u0432 \u0441\u0438\u043b\u0443 \u0441 26.06.20<\/a><\/pre>\n<hr \/>\n<pre><a href=\"https:\/\/www.legis.md\/cautare\/getResults?doc_id=112487&amp;lang=ru\">\u041f\u041f1258 \u043e\u0442 19.12.18,\u00a0MO526-528\/29.12.18 \u0441\u0442.1368; \u0432 \u0441\u0438\u043b\u0443 \u0441 01.01.19<\/a><\/pre>\n<h6><\/h6>\n","protected":false},"excerpt":{"rendered":"<p>Ordin 1089-288-A- din 23.12.2024 Norme-metodologice-de-aplicare a programului unic GUVERNUL HOT\u0102R\u00c2RE Nr. 874 din 23-12-2024 cu privire la Programul unic al asigur\u0103rii obligatorii\u00a0de asisten\u021b\u0103 medical\u0103 https:\/\/www.legis.md\/cautare\/getResults?doc_id=146494&amp;lang=ro \u041f\u041f1020 \u043e\u0442 29-12-2011 &#171;\u041e \u0442\u0430\u0440\u0438\u0444\u0430\u0445 \u043d\u0430 \u043c\u0435\u0434\u0438\u043a\u043e-\u0441\u0430\u043d\u0438\u0442\u0430\u0440\u043d\u044b\u0435 \u0443\u0441\u043b\u0443\u0433\u0438&#187; \u041f\u041f634 \u043e\u0442 11.09.24, MO404-40724.09.24 \u0441\u0442.469; \u0432 \u0441\u0438\u043b\u0443 \u0441 24.09.24 \u041f\u041f672 \u043e\u0442 29.10.22, &#8230;<\/p>\n","protected":false},"author":2,"featured_media":0,"parent":0,"menu_order":0,"comment_status":"closed","ping_status":"closed","template":"","meta":[],"_links":{"self":[{"href":"https:\/\/cs-tvardita.md\/index.php?rest_route=\/wp\/v2\/pages\/1090"}],"collection":[{"href":"https:\/\/cs-tvardita.md\/index.php?rest_route=\/wp\/v2\/pages"}],"about":[{"href":"https:\/\/cs-tvardita.md\/index.php?rest_route=\/wp\/v2\/types\/page"}],"author":[{"embeddable":true,"href":"https:\/\/cs-tvardita.md\/index.php?rest_route=\/wp\/v2\/users\/2"}],"replies":[{"embeddable":true,"href":"https:\/\/cs-tvardita.md\/index.php?rest_route=%2Fwp%2Fv2%2Fcomments&post=1090"}],"version-history":[{"count":22,"href":"https:\/\/cs-tvardita.md\/index.php?rest_route=\/wp\/v2\/pages\/1090\/revisions"}],"predecessor-version":[{"id":1851,"href":"https:\/\/cs-tvardita.md\/index.php?rest_route=\/wp\/v2\/pages\/1090\/revisions\/1851"}],"wp:attachment":[{"href":"https:\/\/cs-tvardita.md\/index.php?rest_route=%2Fwp%2Fv2%2Fmedia&parent=1090"}],"curies":[{"name":"wp","href":"https:\/\/api.w.org\/{rel}","templated":true}]}}